{"id":64,"date":"2012-08-17T08:55:25","date_gmt":"2012-08-17T08:55:25","guid":{"rendered":"http:\/\/neuroklinikken.standoutmedia.dk\/?page_id=64"},"modified":"2025-05-05T12:31:36","modified_gmt":"2025-05-05T12:31:36","slug":"her-ligger-vi","status":"publish","type":"page","link":"https:\/\/neuroklinikken.dk\/?page_id=64","title":{"rendered":"Behandlingssteder og adresser"},"content":{"rendered":"<p><strong>NEUROKLINIKKEN ER REGISTRERET HOS &#8220;STYRELSEN FOR PATIENTSIKKERHED&#8221;<\/strong><\/p>\n<p><strong>S<\/strong><strong>DR. H\u00d8JRUP\/RINGE,\u00a0<\/strong> <strong>S\u00f8ndre H\u00f8jrupvejen 6,\u00a0<\/strong><strong> 5750 Ringe, Sdr. H\u00f8jrup<\/strong><\/p>\n<p>Det har voldt nogle problemer at finde frem til Sdr H\u00f8jrup. Nogle GPS systemer farer \u00e5benbart vild i omr\u00e5det. Det er vigtigt, at man k\u00f8rer efter S\u00f8ndre (Sdr) H\u00f8jrupvejen 6 og ikke H\u00f8jrupvej der ligger syd for Ringe. V\u00e6r opm\u00e6rksom p\u00e5, at s\u00e5fremt du s\u00f8ger adressen p\u00e5 Google viser den til &#8220;forkert&#8221; adresse<\/p>\n<p>Har man ikke GPS finder man os lettest fra Svendborg motorvejen ved at tage afk\u00f8rslen mod \u00c5rslev ( den 1. afk\u00f8rsel n\u00e5r man kommer fra den store Middelfart -Odense-Nyborg motorvej) og her k\u00f8rer mod \u00c5rslev (ikke Nr Lyndelse). I 1. rundk\u00f8rsel i \u00c5rslev tager man 1. afk\u00f8rsel og forts\u00e6tter ligeud til n\u00e6ste rundk\u00f8rsel hvor 2. afk\u00f8rsel er Sdr H\u00f8jrupvejen og klinikken er herefter den 1. ejendom p\u00e5 venstre h\u00e5nd. Du kan se et foto af huset \u00f8verst p\u00e5 siden.<\/p>\n<p><strong>VAMDRUP: Hafdrupvej 8, 6580 Vamdrup\u00a0 \u00a0 <\/strong><\/p>\n<p><strong>K\u00d8BENHAVN: Knud Anchers vej 56, R\u00f8dovre\u00a0\u00a0<\/strong><\/p>\n<p><strong>HOLSTEBRO: &#8220;F\u00e6rch Huset&#8221;, Lille \u00d8stergade 5, 7500 Holstebro (Indgang C, 2 (4). sal ved siden af &#8220;Klippen&#8221;) (stort skilt: Fysioterapi)<\/strong><\/p>\n<p><strong>HADSTEN: &#8220;Salon STAY&#8221;, S\u00f8ndergade 5, 8370 Hadsten<\/strong><\/p>\n<p><strong>ESBJERG: &#8220;STRANDBYKLINIKKER&#8221;, STRANDBYGADE 29, (INDGANG FRA FINLANDSGADE)<\/strong><\/p>","protected":false},"excerpt":{"rendered":"<p>NEUROKLINIKKEN ER REGISTRERET HOS &#8220;STYRELSEN FOR PATIENTSIKKERHED&#8221; SDR. H\u00d8JRUP\/RINGE,\u00a0 S\u00f8ndre H\u00f8jrupvejen 6,\u00a0 5750 Ringe, Sdr. H\u00f8jrup Det har voldt nogle problemer at finde frem til Sdr H\u00f8jrup. Nogle GPS systemer farer \u00e5benbart vild i omr\u00e5det. Det er vigtigt, at man k\u00f8rer efter S\u00f8ndre (Sdr) H\u00f8jrupvejen 6 og ikke H\u00f8jrupvej der ligger syd for Ringe. V\u00e6r [&hellip;]<\/p>\n","protected":false},"author":1,"featured_media":0,"parent":0,"menu_order":0,"comment_status":"open","ping_status":"open","template":"","meta":[],"_links":{"self":[{"href":"https:\/\/neuroklinikken.dk\/index.php?rest_route=\/wp\/v2\/pages\/64"}],"collection":[{"href":"https:\/\/neuroklinikken.dk\/index.php?rest_route=\/wp\/v2\/pages"}],"about":[{"href":"https:\/\/neuroklinikken.dk\/index.php?rest_route=\/wp\/v2\/types\/page"}],"author":[{"embeddable":true,"href":"https:\/\/neuroklinikken.dk\/index.php?rest_route=\/wp\/v2\/users\/1"}],"replies":[{"embeddable":true,"href":"https:\/\/neuroklinikken.dk\/index.php?rest_route=%2Fwp%2Fv2%2Fcomments&post=64"}],"version-history":[{"count":60,"href":"https:\/\/neuroklinikken.dk\/index.php?rest_route=\/wp\/v2\/pages\/64\/revisions"}],"predecessor-version":[{"id":1753,"href":"https:\/\/neuroklinikken.dk\/index.php?rest_route=\/wp\/v2\/pages\/64\/revisions\/1753"}],"wp:attachment":[{"href":"https:\/\/neuroklinikken.dk\/index.php?rest_route=%2Fwp%2Fv2%2Fmedia&parent=64"}],"curies":[{"name":"wp","href":"https:\/\/api.w.org\/{rel}","templated":true}]}}