{"id":39,"date":"2012-08-17T08:34:15","date_gmt":"2012-08-17T08:34:15","guid":{"rendered":"http:\/\/neuroklinikken.standoutmedia.dk\/?page_id=39"},"modified":"2022-08-01T08:25:05","modified_gmt":"2022-08-01T08:25:05","slug":"laegelig-ekspertise","status":"publish","type":"page","link":"https:\/\/neuroklinikken.dk\/?page_id=39","title":{"rendered":"L\u00e6gelig ekspertise"},"content":{"rendered":"<h4 style=\"text-align: right;\"><img decoding=\"async\" loading=\"lazy\" class=\"size-full wp-image-40 aligncenter\" title=\"2[1]\" src=\"http:\/\/neuroklinikken.dk\/wp-content\/uploads\/2012\/08\/21.jpg\" alt=\"\" width=\"480\" height=\"321\" srcset=\"https:\/\/neuroklinikken.dk\/wp-content\/uploads\/2012\/08\/21.jpg 480w, https:\/\/neuroklinikken.dk\/wp-content\/uploads\/2012\/08\/21-300x200.jpg 300w\" sizes=\"(max-width: 480px) 100vw, 480px\" \/><span style=\"text-align: right;\">Jens Erik Just Christensen, Overl\u00e6ge &#8211; Speciall\u00e6ge i klinisk neurofysiologi<\/span><\/h4>\n<p>Jeg er speciall\u00e6ge i klinisk neurofysiologi. Uddannet som l\u00e6ge ved Odense Universitets Hospital 1981 med efterf\u00f8lgende ans\u00e6ttelse som reservel\u00e6ge p\u00e5 Odense Universitets Hospital, Esbjerg Sygehus, \u00c5rhus Kommunehospital og Rigshospitalet.<\/p>\n<p>Jeg har siden starten af 90\u00b4erne besk\u00e6ftiget mig med behandlinger med botulinum toxin af patienter med dystoni og spasticitet (\u201dtvangsbev\u00e6gelser\u201d). Den f\u00f8rste erfaring hermed fik jeg som reservel\u00e6ge og siden overl\u00e6ge ved \u00c5rhus Kommune-hospital. Jeg var den f\u00f8rste herhjemme med tilladelse til behandling af rynker med botulinumtoksin.<\/p>\n<p>Fra 01.02.1999-2019 var jeg v\u00e6ret ansat som overl\u00e6ge p\u00e5 neurologisk afdeling ved Holstebro Sygehus som specialeansvarlig overl\u00e6ge i klinisk neurofysiologi.<\/p>\n<p>Fra 2019 &#8211;\u00a0 \u00a0 ansat som overl\u00e6ge p\u00e5 neurologisk afdeling, Sydvestjysk Sygehus, Esbjerg<\/p>\n<p>&nbsp;<\/p>\n<p>S\u00f8ren Thinus Just Christensen, speciall\u00e6ge i Neurologi, Fellow of European Board of Neurology,<\/p>\n<p>Ansat som behandler i Neuroklinikken.<\/p>\n<p>Arbejder til daglig som afdelingsl\u00e6ge p\u00e5 Rigshospitalets Glostrup afdeling for neurologi.<\/p>\n<p>&nbsp;<\/p>","protected":false},"excerpt":{"rendered":"<p>Jens Erik Just Christensen, Overl\u00e6ge &#8211; Speciall\u00e6ge i klinisk neurofysiologi Jeg er speciall\u00e6ge i klinisk neurofysiologi. Uddannet som l\u00e6ge ved Odense Universitets Hospital 1981 med efterf\u00f8lgende ans\u00e6ttelse som reservel\u00e6ge p\u00e5 Odense Universitets Hospital, Esbjerg Sygehus, \u00c5rhus Kommunehospital og Rigshospitalet. Jeg har siden starten af 90\u00b4erne besk\u00e6ftiget mig med behandlinger med botulinum toxin af patienter med [&hellip;]<\/p>\n","protected":false},"author":1,"featured_media":0,"parent":0,"menu_order":0,"comment_status":"open","ping_status":"open","template":"","meta":[],"_links":{"self":[{"href":"https:\/\/neuroklinikken.dk\/index.php?rest_route=\/wp\/v2\/pages\/39"}],"collection":[{"href":"https:\/\/neuroklinikken.dk\/index.php?rest_route=\/wp\/v2\/pages"}],"about":[{"href":"https:\/\/neuroklinikken.dk\/index.php?rest_route=\/wp\/v2\/types\/page"}],"author":[{"embeddable":true,"href":"https:\/\/neuroklinikken.dk\/index.php?rest_route=\/wp\/v2\/users\/1"}],"replies":[{"embeddable":true,"href":"https:\/\/neuroklinikken.dk\/index.php?rest_route=%2Fwp%2Fv2%2Fcomments&post=39"}],"version-history":[{"count":10,"href":"https:\/\/neuroklinikken.dk\/index.php?rest_route=\/wp\/v2\/pages\/39\/revisions"}],"predecessor-version":[{"id":47,"href":"https:\/\/neuroklinikken.dk\/index.php?rest_route=\/wp\/v2\/pages\/39\/revisions\/47"}],"wp:attachment":[{"href":"https:\/\/neuroklinikken.dk\/index.php?rest_route=%2Fwp%2Fv2%2Fmedia&parent=39"}],"curies":[{"name":"wp","href":"https:\/\/api.w.org\/{rel}","templated":true}]}}