{"id":33,"date":"2012-08-17T08:30:10","date_gmt":"2012-08-17T08:30:10","guid":{"rendered":"http:\/\/neuroklinikken.standoutmedia.dk\/?page_id=33"},"modified":"2025-03-31T16:36:49","modified_gmt":"2025-03-31T16:36:49","slug":"neurofysiologi","status":"publish","type":"page","link":"https:\/\/neuroklinikken.dk\/?page_id=33","title":{"rendered":"Neurofysiologi"},"content":{"rendered":"<p>Vi foretager ikke l\u00e6ngere elektrodiagnostiske unders\u00f8gelser i Klinik for klinisk neurofysiologi ogs\u00e5 kaldet &#8220;Neuroklinikken&#8221;.<\/p>","protected":false},"excerpt":{"rendered":"<p>Vi foretager ikke l\u00e6ngere elektrodiagnostiske unders\u00f8gelser i Klinik for klinisk neurofysiologi ogs\u00e5 kaldet &#8220;Neuroklinikken&#8221;.<\/p>\n","protected":false},"author":1,"featured_media":0,"parent":0,"menu_order":0,"comment_status":"open","ping_status":"open","template":"","meta":[],"_links":{"self":[{"href":"https:\/\/neuroklinikken.dk\/index.php?rest_route=\/wp\/v2\/pages\/33"}],"collection":[{"href":"https:\/\/neuroklinikken.dk\/index.php?rest_route=\/wp\/v2\/pages"}],"about":[{"href":"https:\/\/neuroklinikken.dk\/index.php?rest_route=\/wp\/v2\/types\/page"}],"author":[{"embeddable":true,"href":"https:\/\/neuroklinikken.dk\/index.php?rest_route=\/wp\/v2\/users\/1"}],"replies":[{"embeddable":true,"href":"https:\/\/neuroklinikken.dk\/index.php?rest_route=%2Fwp%2Fv2%2Fcomments&post=33"}],"version-history":[{"count":9,"href":"https:\/\/neuroklinikken.dk\/index.php?rest_route=\/wp\/v2\/pages\/33\/revisions"}],"predecessor-version":[{"id":1715,"href":"https:\/\/neuroklinikken.dk\/index.php?rest_route=\/wp\/v2\/pages\/33\/revisions\/1715"}],"wp:attachment":[{"href":"https:\/\/neuroklinikken.dk\/index.php?rest_route=%2Fwp%2Fv2%2Fmedia&parent=33"}],"curies":[{"name":"wp","href":"https:\/\/api.w.org\/{rel}","templated":true}]}}