{"id":313,"date":"2016-06-08T11:05:59","date_gmt":"2016-06-08T11:05:59","guid":{"rendered":"http:\/\/neuroklinikken.dk\/?page_id=313"},"modified":"2026-05-13T20:22:33","modified_gmt":"2026-05-13T20:22:33","slug":"behandlingsdage","status":"publish","type":"page","link":"https:\/\/neuroklinikken.dk\/?page_id=313","title":{"rendered":"Behandlingsdage"},"content":{"rendered":"<p><img decoding=\"async\" src=\"https:\/\/mail.google.com\/mail\/u\/0\/?ui=2&amp;ik=5a25aa3376&amp;view=att&amp;th=18f85d01fb4813ab&amp;attid=0.3&amp;disp=thd&amp;safe=1&amp;zw\" alt=\"\" \/><\/p>\n<p><span style=\"color: #ff0000;\"><strong>NEUROKLINIKKEN ER REGISTRERET HOS &#8220;STYRELSEN FOR PATIENTSIKKERHED&#8221;<\/strong><\/span><\/p>\n<p><strong><img decoding=\"async\" src=\"https:\/\/www.cancer.dk\/dyn\/resources\/File\/file\/6\/6216\/1705403080\/bryst_logo.png\" alt=\"\" \/><br \/>\n<\/strong><\/p>\n<div>Over de seneste \u00e5r har vi erfaret, at unge personer har \u00f8nske om kosmetisk behandling med botulinum toksin med \u00f8nske om at \u00e6ndre ansigtstr\u00e6k og forebygge rynker, snarere end at behandle egentlig aldringstegn.<\/div>\n<p>I Neuroklinikken tilbydes der kun behandling til personer over 25 \u00e5r, og kun i det tilf\u00e6lde at det findes indiceret.<\/p>\n<p>Der henvises i \u00f8vrigt til Verdensl\u00e6geforeningens (WMA) udtalelse om \u00e6stetisk behandling (<a href=\"https:\/\/www.wma.net\/policies-post\/wma-statement-on-aesthetic-treatment\" target=\"_blank\" rel=\"noopener\" data-saferedirecturl=\"https:\/\/www.google.com\/url?q=https:\/\/www.wma.net\/policies-post\/wma-statement-on-aesthetic-treatment&amp;source=gmail&amp;ust=1721410999818000&amp;usg=AOvVaw2NpFY_D0JNE0vpcmH-XBmp\">https:\/\/www.wma.net\/policies-<wbr \/>post\/wma-statement-on-<wbr \/>aesthetic-treatment<\/a>).<\/p>\n<p><strong>S\u00c5DAN BOOKER DU TID:<\/strong> Send sms til: 21436696. Oplys FULDE navn, \u00f8nsket sted, dato og evt tidsrum. Oplys gerne, om du har v\u00e6ret behandlet hos os f\u00f8r.<\/p>\n<p>Hvis 1 person bestiller tid til flere, skal der oplyses fulde navn og mobil nummer p\u00e5 hver enkelt deltager i gruppen.<\/p>\n<p>Bem\u00e6rk, at bookingnummer 21436696 s\u00e6dvanligvis ikke modtager opkald, kun SMS.<\/p>\n<p><span style=\"color: #339966;\">VENTELISTE: Efter 01.01.26 oprettes ikke l\u00e6ngere ventelister. I stedet skal man skrive en SMS til 42705531 (OBS kun til venteliste IKKE til bestilling af tider)\u00a0 med den dato og eventuelt tidspunkt, hvor man \u00f8nsker behandling, s\u00e5fremt der m\u00e5tte komme afbud. For at komme i betragtning, skal man starte sin SMS med datoen p\u00e5 den p\u00e5g\u00e6ldende dag efterfulgt af eventuel supplerende tekst. \u00d8nsker man eventuelt flere muligheder for afbudstid, skal man skrive ny SMS for hver \u00f8nsket dato. Man modtager INGEN bekr\u00e6ftelse p\u00e5, at man er optaget p\u00e5 venteliste.<\/span><\/p>\n<p><strong>VI G\u00d8R OPM\u00c6RKSOM P\u00c5, AT NEUROKLINIKKEN KUN HAR \u00c5BENT P\u00c5 DE NEDENFOR N\u00c6VNTE DAT0<\/strong><\/p>\n<p><span style=\"color: #0000ff;\">FORSAMTALE:<\/span><\/p>\n<p><span style=\"color: #0000ff;\">N<span style=\"color: #0000ff;\">YE KUNDER SKAL HAVE GENNEMG\u00c5ET FORSAMTALE TELEFONISK SENEST 2 D\u00d8GN F\u00d8R F\u00d8RSTE BEHANDLING. STYRELSEN FOR PATIENTSIKKERHED HAR PR\u00c6CISERET, AT SAMTALEN SKAL FOREG\u00c5 MED VIDEO ELLER PERSONLIGT FREMM\u00d8DE. MAN KAN S\u00c5LEDES FORTSAT F\u00c5 TELEFONISK FORUNDERS\u00d8GELSE VED OPKALD TIL L\u00c6GEN, 61541810, MANDAGE ELLER TIRSDAGE MELLEM KL. 17 OG 19, S\u00c5FREMT ENS TELEFON HAR MULIGHED FOR VIDEOOPKALD. HVIS DETTE IKKE ER TILF\u00c6LDET, ER PERSONLIG FREMM\u00d8DE P\u00c5KR\u00c6VET.\u00a0<\/span><\/span><\/p>\n<p><span style=\"color: #ff0000;\">OBS OBS !!<\/span><\/p>\n<p><span style=\"color: #0000ff;\">INGEN FORSAMTALER MANDAG 18.05. OG TIRSDAG 19.05.26<\/span><\/p>\n<p><strong>2026<\/strong><\/p>\n<p>MAJ<\/p>\n<p>09.05.26: R\u00f8dovre, behandler er denne dag speciall\u00e6ge S\u00f8ren Just Christensen\u00a0 UDSOLGT<\/p>\n<p>10.05.26: R\u00f8dovre, behandler er denne dag speciall\u00e6ge S\u00f8ren Just Christensen UDSOLGT<\/p>\n<p>18.05.26: Esbjerg OBS mandag UDSOLGT<\/p>\n<p>19.05.26: Vamdrup OBS tirsdag UDSOLGT<\/p>\n<p><span style=\"font-size: revert; color: initial;\">20.05.26: Sdr. H\u00f8jrup OBS onsdag UDSOLGT<\/span><\/p>\n<p>21.05.26: R\u00f8dovre, behandler er denne dag overl\u00e6ge J.E. Just Christensen OBS torsdag UDSOLGT<\/p>\n<p>26.05.26: R\u00f8dovre, behandler er denne dag speciall\u00e6ge S\u00f8ren Just Christensen (09:00-15:15)<\/p>\n<p>28.05.26: Holstebro<\/p>\n<p>29.05.26: Holstebro<\/p>\n<p>30.05.26: Hadsten UDSOLGT<\/p>\n<p>31.05.26: Sdr. H\u00f8jrup (12:00-19:00) UDSOLGT<\/p>\n<p>JUNI<\/p>\n<p>11.06.26: Esbjerg UDSOLGT<\/p>\n<p>12.06.26: Vamdrup UDSOLGT<\/p>\n<p>13.06.26: R\u00f8dovre, behandler er denne dag speciall\u00e6ge S\u00f8ren Just Christensen UDSOLGT<\/p>\n<p>13.06.26: Sdr H\u00f8jrup<\/p>\n<p>14.06.26: Sdr. H\u00f8jrup (12:00-19:00)<\/p>\n<p>14.06.26: R\u00f8dovre, behandler er denne dag speciall\u00e6ge S\u00f8ren Just Christensen UDSOLGT<\/p>\n<p>19.06.26: Holstebro<\/p>\n<p>20.06.26: Hadsten\u00a0 UDSOLGT<\/p>\n<p>21.06.26: R\u00f8dovre, behandler er denne dag overl\u00e6ge J.E. Just Christensen UDSOLGT<\/p>\n<p>JULI<\/p>\n<p>04.07.26: R\u00f8dovre (10:00-18:00) behandler denne dag er speciall\u00e6ge S\u00f8ren Just Christensen UDSOLGT<\/p>\n<p>05.07.26: R\u00f8dovre (09:00-17:00) behandler denne dag er speciall\u00e6ge S\u00f8ren Just Christensen UDSOLGT<\/p>\n<p>23.07.26: Esbjerg (14:00-20:30)<\/p>\n<p>24.07.26: Vamdrup (10:00-18:00)<\/p>\n<p>25.07.26: Sdr. H\u00f8jrup (10:00-18:00)<\/p>\n<p>26.07.26: R\u00f8dovre (10:30-18:00) behandler denne dag er overl\u00e6ge J.E. Just Christensen<\/p>\n<p>30.07.26: Holstebro (14:00-18:00)<\/p>\n<p>31.07.26: Holstebro (10:00-18:00)<\/p>\n<p>AUGUST<\/p>\n<p>01.08.26: Hadsten (10:30-18:00)<\/p>\n<p>02.08.26: Sdr. H\u00f8jrup (12:00-19:00)<\/p>\n<p>27.08.26: Esbjerg (14:00-20:30)<\/p>\n<p>28.08.26: Holstebro (10:00-18:00)<\/p>\n<p>29.08.26: Hadsten (10:30-18:00)<\/p>\n<p>30.08.26: Sdr. H\u00f8jrup (12:00-18:00)<\/p>\n<p>SEPTEMBER<\/p>\n<p>05.09.26: R\u00f8dovre (10:00-18:00) behandler er denne dag speciall\u00e6ge S\u00f8ren Just Christensen<\/p>\n<p>06.09.26: R\u00f8dovre (09:00-17:00) behandler er denne dag speciall\u00e6ge S\u00f8ren Just Christensen<\/p>\n<p>07.09.26: Sdr H\u00f8jrup (12:00-20:00) OBS mandag !<\/p>\n<p>08.09.26: Esbjerg (14:00-20:30) OBS tirsdag !<\/p>\n<p>09.09.26: Vamdrup (10:00-18:00) OBS onsdag !<\/p>\n<p>24.09.26: Holstebro (14:00-18:00)<\/p>\n<p>25.09.26: Holstebro (10:00-18:00)<\/p>\n<p>26.09.26: Hadsten (10:30-18:00)<\/p>\n<p>27.09.26: Hadsten (10:30-18:00) xtra<\/p>\n<p>OKTOBER<\/p>\n<p>01.10.26: Esbjerg (14:00-20:30)<\/p>\n<p>02.10.26: Vamdrup (10:00-18:00)<\/p>\n<p>03.10.26: Sdr. H\u00f8jrup (10:00-18:00)<\/p>\n<p>04.10.26: R\u00f8dovre (10:30-18:00)<\/p>\n<p>22.10.26: Esbjerg (14:00-20:30) XTRA<\/p>\n<p>23.10.26: Holstebro (10:00-18:00)<\/p>\n<p>24.10.26: Hadsten (10:30-18:00)<\/p>\n<p>24.10.26: R\u00f8dovre (10:00-18:00) behandler er denne dag speciall\u00e6ge S\u00f8ren Just Christensen<\/p>\n<p>25.10.26: R\u00f8dovre (09:00-17:00) behandler er denne dag speciall\u00e6ge S\u00f8ren Just Christensen<\/p>\n<p>25.10.26: Sdr. H\u00f8jrup (12:00-19:00)<\/p>\n<p>NOVEMBER<\/p>\n<p>19.11.26: Holstebro (14:00-18:00)<\/p>\n<p>20.11.26: Holstebro (10:00-18:00)<\/p>\n<p>21.11.26: Hadsten (10:30-18:00)<\/p>\n<p>21.11.26: R\u00f8dovre (10:00-18:00) behandler er denne dag speciall\u00e6ge S\u00f8ren Just Christensen<\/p>\n<p>22.11.26: R\u00f8dovre (09:00-17:00) behandler er denne dag speciall\u00e6ge S\u00f8ren Just Christensen<\/p>\n<p>22.11.26: Sdr. H\u00f8jrup (12:00-19:00)<\/p>\n<p>26.11.26: Esbjerg (14:00-20:30)<\/p>\n<p>27.11.26: Vamdrup (10:00-18:00)<\/p>\n<p>28.11.26: Sdr. H\u00f8jrup (10:00-18:00)<\/p>\n<p>29.11.26: R\u00f8dovre (10:30-18:00) behandler er denne dag overl\u00e6ge J.E. Just Christensen<\/p>\n<p>DECEMBER<\/p>\n<p>10.12.26: Holstebro (14:00-18:00)<\/p>\n<p>11.12.26: Holstebro (10:00-18:00)<\/p>\n<p>12.12.26: Hadsten (10:30-18:00)<\/p>\n<p>12.12.26: R\u00f8dovre (10:00-18:00) behandler er denne dag speciall\u00e6ge S\u00f8ren Just Christensen<\/p>\n<p>13.12.26: R\u00f8dovre (09:00-17:00) behandler er denne dag speciall\u00e6ge S\u00f8ren Just Christensen<\/p>\n<p>13.12.26: Hadsten (10:30-18:00) XTRA<\/p>\n<p>17.12.26: Esbjerg (14:00-20:30)<\/p>\n<p>18.12.26: Vamdrup (10:00-18:00)<\/p>\n<p>19.12.26: Sdr. H\u00f8jrup (10:00-18:00)<\/p>\n<p>20.12.26: R\u00f8dovre (10:30-18:00) behandler er denne dag overl\u00e6ge J.E. Just Christensen<\/p>","protected":false},"excerpt":{"rendered":"<p>NEUROKLINIKKEN ER REGISTRERET HOS &#8220;STYRELSEN FOR PATIENTSIKKERHED&#8221; Over de seneste \u00e5r har vi erfaret, at unge personer har \u00f8nske om kosmetisk behandling med botulinum toksin med \u00f8nske om at \u00e6ndre ansigtstr\u00e6k og forebygge rynker, snarere end at behandle egentlig aldringstegn. I Neuroklinikken tilbydes der kun behandling til personer over 25 \u00e5r, og kun i det [&hellip;]<\/p>\n","protected":false},"author":4,"featured_media":1629,"parent":0,"menu_order":0,"comment_status":"open","ping_status":"open","template":"","meta":[],"_links":{"self":[{"href":"https:\/\/neuroklinikken.dk\/index.php?rest_route=\/wp\/v2\/pages\/313"}],"collection":[{"href":"https:\/\/neuroklinikken.dk\/index.php?rest_route=\/wp\/v2\/pages"}],"about":[{"href":"https:\/\/neuroklinikken.dk\/index.php?rest_route=\/wp\/v2\/types\/page"}],"author":[{"embeddable":true,"href":"https:\/\/neuroklinikken.dk\/index.php?rest_route=\/wp\/v2\/users\/4"}],"replies":[{"embeddable":true,"href":"https:\/\/neuroklinikken.dk\/index.php?rest_route=%2Fwp%2Fv2%2Fcomments&post=313"}],"version-history":[{"count":1164,"href":"https:\/\/neuroklinikken.dk\/index.php?rest_route=\/wp\/v2\/pages\/313\/revisions"}],"predecessor-version":[{"id":1969,"href":"https:\/\/neuroklinikken.dk\/index.php?rest_route=\/wp\/v2\/pages\/313\/revisions\/1969"}],"wp:featuredmedia":[{"embeddable":true,"href":"https:\/\/neuroklinikken.dk\/index.php?rest_route=\/wp\/v2\/media\/1629"}],"wp:attachment":[{"href":"https:\/\/neuroklinikken.dk\/index.php?rest_route=%2Fwp%2Fv2%2Fmedia&parent=313"}],"curies":[{"name":"wp","href":"https:\/\/api.w.org\/{rel}","templated":true}]}}