{"id":2,"date":"2012-08-08T13:59:26","date_gmt":"2012-08-08T13:59:26","guid":{"rendered":"http:\/\/neuroklinikken.standoutmedia.dk\/?page_id=2"},"modified":"2023-11-24T19:11:39","modified_gmt":"2023-11-24T19:11:39","slug":"eksempel-side","status":"publish","type":"page","link":"https:\/\/neuroklinikken.dk\/","title":{"rendered":"Neuroklinikken &#8211; botoxbehandling i R\u00f8dovre, Sdr. H\u00f8jrup (Ringe), Hadsten, Vamdrup, Viborg, Holstebro og Esbjerg"},"content":{"rendered":"<p>&nbsp;<\/p>\n<p>&nbsp;<\/p>\n<p>Behandling mod rynker foretaget af<strong><strong> <strong>overl\u00e6ge Jens Erik Just Christensen og speciall\u00e6ge S\u00f8ren T. Just Christensen.<\/strong><\/strong><\/strong><\/p>\n<p>Ved Neuroklinikken g\u00e5r vi meget op i faglig ekspertise, hvorfor alle behandlinger kun udf\u00f8res af l\u00e6ger. Behandlingsansvarlig overl\u00e6ge begyndte med klinisk botulinum behandling i 1992 (spasticitet, spasmer i ansigtet og dystonier m.m.) og 10 \u00e5r efter begyndte vi med botulinum behandling for rynker og anden kosmetisk behandling med botulinum toksin. Har s\u00e5ledes knapt 20 \u00e5rs erfaring med kosmetisk behandling med botulinum toksin\u00a0 Vi lever op til Sundhedsstyrelsens krav om forunders\u00f8gelse med 48 timers bet\u00e6nkningstid inden mulig behandling. Det krav er ufravigeligt! Dette er ogs\u00e5 g\u00e6ldende for klienter, der har v\u00e6ret behandlet med botox andre steder end Neuroklinikken.<\/p>\n<p><strong>S\u00c5DAN BOOKER DU TID:<\/strong> Send sms til: 21436696. Oplys fulde navn, \u00f8nsket sted, dato og evt tidsrum. Oplys gerne om du har v\u00e6ret behandlet hos os f\u00f8r.<\/p>\n<p>Bem\u00e6rk, at dette nummer alene er til booking.<\/p>\n<p>Ved l\u00e6gelige sp\u00f8rgsm\u00e5l henvises der til 6154 1810.<\/p>\n<p><strong>BETALING:<\/strong> Det er muligt at foretage betaling kontant, via mobilepay\u00a0 eller ved overf\u00f8rsel via netbank. Sidstn\u00e6vnte p\u00e5l\u00e6gges et gebyr p\u00e5 kr 50 da vi desv\u00e6rre undertiden har en del besv\u00e6r med inddrivelsen af de skyldige bel\u00f8b. Nye kunder skal betale enten kontant eller via mobilepay.<\/p>\n<p>&nbsp;<\/p>\n<p>&nbsp;<\/p>","protected":false},"excerpt":{"rendered":"<p>&nbsp; &nbsp; Behandling mod rynker foretaget af overl\u00e6ge Jens Erik Just Christensen og speciall\u00e6ge S\u00f8ren T. Just Christensen. Ved Neuroklinikken g\u00e5r vi meget op i faglig ekspertise, hvorfor alle behandlinger kun udf\u00f8res af l\u00e6ger. Behandlingsansvarlig overl\u00e6ge begyndte med klinisk botulinum behandling i 1992 (spasticitet, spasmer i ansigtet og dystonier m.m.) og 10 \u00e5r efter begyndte [&hellip;]<\/p>\n","protected":false},"author":1,"featured_media":0,"parent":0,"menu_order":0,"comment_status":"open","ping_status":"open","template":"","meta":[],"_links":{"self":[{"href":"https:\/\/neuroklinikken.dk\/index.php?rest_route=\/wp\/v2\/pages\/2"}],"collection":[{"href":"https:\/\/neuroklinikken.dk\/index.php?rest_route=\/wp\/v2\/pages"}],"about":[{"href":"https:\/\/neuroklinikken.dk\/index.php?rest_route=\/wp\/v2\/types\/page"}],"author":[{"embeddable":true,"href":"https:\/\/neuroklinikken.dk\/index.php?rest_route=\/wp\/v2\/users\/1"}],"replies":[{"embeddable":true,"href":"https:\/\/neuroklinikken.dk\/index.php?rest_route=%2Fwp%2Fv2%2Fcomments&post=2"}],"version-history":[{"count":276,"href":"https:\/\/neuroklinikken.dk\/index.php?rest_route=\/wp\/v2\/pages\/2\/revisions"}],"predecessor-version":[{"id":5,"href":"https:\/\/neuroklinikken.dk\/index.php?rest_route=\/wp\/v2\/pages\/2\/revisions\/5"}],"wp:attachment":[{"href":"https:\/\/neuroklinikken.dk\/index.php?rest_route=%2Fwp%2Fv2%2Fmedia&parent=2"}],"curies":[{"name":"wp","href":"https:\/\/api.w.org\/{rel}","templated":true}]}}